{"id":22462,"date":"2015-02-19T09:48:19","date_gmt":"2015-02-19T09:48:19","guid":{"rendered":"http:\/\/www.skyline-costa-luz.com.mialias.net\/kontakt\/"},"modified":"2024-05-02T05:44:07","modified_gmt":"2024-05-02T05:44:07","slug":"kontakt","status":"publish","type":"page","link":"https:\/\/www.skyline-costa-luz.com\/de\/kontakt\/","title":{"rendered":"Kontakt"},"content":{"rendered":"<div class=\"wpb-content-wrapper\"><p>[vc_row][vc_column][vc_empty_space height=&#8221;30&#8243;][vc_column_text]Es gibt viele M\u00f6glichkeiten, wie Sie mit uns in Kontakt treten k\u00f6nnen: \u00fcber unsere Website, per Telefon, E-Mail oder Post. Wenn Sie sich anmelden m\u00f6chten, um Ihre Immobilie zu kaufen oder zu verkaufen, oder wenn Sie eine allgemeine Anfrage stellen m\u00f6chten, verwenden Sie bitte das nachstehende Formular.<\/p>\n<p>Bitte geben Sie so viele Informationen wie m\u00f6glich an. Wir sch\u00e4tzen Ihre Zeit. Je mehr Informationen Sie jetzt bereitstellen k\u00f6nnen, desto weniger Zeit wird sp\u00e4ter verschwendet.<\/p>\n<p>Wir werden uns umgehend und innerhalb von 24 Arbeitsstunden nach Eingang Ihrer Anfrage mit Ihnen in Verbindung setzen.<\/p>\n<p>Wir freuen uns auf ein Treffen mit Ihnen![\/vc_column_text][\/vc_column][\/vc_row]<\/p>\n<\/div>","protected":false},"excerpt":{"rendered":"<p>[vc_row][vc_column][vc_empty_space height=&#8221;30&#8243;][vc_column_text]Es gibt viele M\u00f6glichkeiten, wie Sie mit uns in Kontakt treten k\u00f6nnen: \u00fcber unsere Website, per Telefon, E-Mail oder Post. Wenn Sie sich anmelden m\u00f6chten, um Ihre Immobilie zu kaufen oder zu verkaufen, oder wenn Sie eine allgemeine Anfrage stellen m\u00f6chten, verwenden Sie bitte das nachstehende Formular. Bitte geben Sie so viele Informationen wie m\u00f6glich an. Wir sch\u00e4tzen Ihre Zeit. Je mehr Informationen &#8230;<\/p>\n","protected":false},"author":1,"featured_media":0,"parent":0,"menu_order":0,"comment_status":"open","ping_status":"open","template":"page-templates\/contact_page.php","meta":{"_mo_disable_npp":"","inline_featured_image":false,"footnotes":""},"class_list":["post-22462","page","type-page","status-publish","hentry"],"yoast_head":"\n<title>Nehmen Sie Kontakt mit uns auf - Skyline Costa de la Luz<\/title>\n<meta name=\"description\" content=\"Es gibt viele M\u00f6glichkeiten, wie Sie mit uns in Kontakt treten k\u00f6nnen: \u00fcber unsere Website, per Telefon, E-Mail oder Post. Wenn Sie sich anmelden m\u00f6chten, um Ihre Immobilie zu kaufen oder zu verkaufen, oder wenn Sie eine allgemeine Anfrage stellen m\u00f6chten, verwenden Sie bitte das nachstehende Formular.\" \/>\n<meta name=\"robots\" content=\"index, follow, max-snippet:-1, max-image-preview:large, max-video-preview:-1\" \/>\n<link rel=\"canonical\" href=\"https:\/\/www.skyline-costa-luz.com\/de\/kontakt\/\" \/>\n<meta property=\"og:locale\" content=\"de_DE\" \/>\n<meta property=\"og:type\" content=\"article\" \/>\n<meta property=\"og:title\" content=\"Nehmen Sie Kontakt mit uns auf - Skyline Costa de la Luz\" \/>\n<meta property=\"og:description\" content=\"Es gibt viele M\u00f6glichkeiten, wie Sie mit uns in Kontakt treten k\u00f6nnen: \u00fcber unsere Website, per Telefon, E-Mail oder Post. Wenn Sie sich anmelden m\u00f6chten, um Ihre Immobilie zu kaufen oder zu verkaufen, oder wenn Sie eine allgemeine Anfrage stellen m\u00f6chten, verwenden Sie bitte das nachstehende Formular.\" \/>\n<meta property=\"og:url\" content=\"https:\/\/www.skyline-costa-luz.com\/de\/kontakt\/\" \/>\n<meta property=\"og:site_name\" content=\"skyline-costa-luz.com\" \/>\n<meta property=\"article:modified_time\" content=\"2024-05-02T05:44:07+00:00\" \/>\n<meta name=\"twitter:card\" content=\"summary_large_image\" \/>\n<meta name=\"twitter:label1\" content=\"Gesch\u00e4tzte Lesezeit\" \/>\n\t<meta name=\"twitter:data1\" content=\"1\u00a0Minute\" \/>\n<script type=\"application\/ld+json\" class=\"yoast-schema-graph\">{\"@context\":\"https:\/\/schema.org\",\"@graph\":[{\"@type\":\"WebPage\",\"@id\":\"https:\/\/www.skyline-costa-luz.com\/de\/kontakt\/\",\"url\":\"https:\/\/www.skyline-costa-luz.com\/de\/kontakt\/\",\"name\":\"Nehmen Sie Kontakt mit uns auf - Skyline Costa de la Luz\",\"isPartOf\":{\"@id\":\"https:\/\/www.skyline-costa-luz.com\/de\/#website\"},\"datePublished\":\"2015-02-19T09:48:19+00:00\",\"dateModified\":\"2024-05-02T05:44:07+00:00\",\"description\":\"Es gibt viele M\u00f6glichkeiten, wie Sie mit uns in Kontakt treten k\u00f6nnen: \u00fcber unsere Website, per Telefon, E-Mail oder Post. Wenn Sie sich anmelden m\u00f6chten, um Ihre Immobilie zu kaufen oder zu verkaufen, oder wenn Sie eine allgemeine Anfrage stellen m\u00f6chten, verwenden Sie bitte das nachstehende Formular.\",\"breadcrumb\":{\"@id\":\"https:\/\/www.skyline-costa-luz.com\/de\/kontakt\/#breadcrumb\"},\"inLanguage\":\"de\",\"potentialAction\":[{\"@type\":\"ReadAction\",\"target\":[\"https:\/\/www.skyline-costa-luz.com\/de\/kontakt\/\"]}]},{\"@type\":\"BreadcrumbList\",\"@id\":\"https:\/\/www.skyline-costa-luz.com\/de\/kontakt\/#breadcrumb\",\"itemListElement\":[{\"@type\":\"ListItem\",\"position\":1,\"name\":\"Home\",\"item\":\"https:\/\/www.skyline-costa-luz.com\/de\/\"},{\"@type\":\"ListItem\",\"position\":2,\"name\":\"Kontakt\"}]},{\"@type\":\"WebSite\",\"@id\":\"https:\/\/www.skyline-costa-luz.com\/de\/#website\",\"url\":\"https:\/\/www.skyline-costa-luz.com\/de\/\",\"name\":\"skyline-costa-luz.com\",\"description\":\"Properties for sale in Costa de la Luz Cadiz\",\"publisher\":{\"@id\":\"https:\/\/www.skyline-costa-luz.com\/de\/#organization\"},\"potentialAction\":[{\"@type\":\"SearchAction\",\"target\":{\"@type\":\"EntryPoint\",\"urlTemplate\":\"https:\/\/www.skyline-costa-luz.com\/de\/?s={search_term_string}\"},\"query-input\":{\"@type\":\"PropertyValueSpecification\",\"valueRequired\":true,\"valueName\":\"search_term_string\"}}],\"inLanguage\":\"de\"},{\"@type\":\"Organization\",\"@id\":\"https:\/\/www.skyline-costa-luz.com\/de\/#organization\",\"name\":\"skyline-costa-luz.com\",\"url\":\"https:\/\/www.skyline-costa-luz.com\/de\/\",\"logo\":{\"@type\":\"ImageObject\",\"inLanguage\":\"de\",\"@id\":\"https:\/\/www.skyline-costa-luz.com\/de\/#\/schema\/logo\/image\/\",\"url\":\"https:\/\/www.skyline-costa-luz.com\/ethylalo\/2023\/08\/Skyline-New-logo-1.png\",\"contentUrl\":\"https:\/\/www.skyline-costa-luz.com\/ethylalo\/2023\/08\/Skyline-New-logo-1.png\",\"width\":500,\"height\":259,\"caption\":\"skyline-costa-luz.com\"},\"image\":{\"@id\":\"https:\/\/www.skyline-costa-luz.com\/de\/#\/schema\/logo\/image\/\"}}]}<\/script>\n","yoast_head_json":{"title":"Nehmen Sie Kontakt mit uns auf - Skyline Costa de la Luz","description":"Es gibt viele M\u00f6glichkeiten, wie Sie mit uns in Kontakt treten k\u00f6nnen: \u00fcber unsere Website, per Telefon, E-Mail oder Post. Wenn Sie sich anmelden m\u00f6chten, um Ihre Immobilie zu kaufen oder zu verkaufen, oder wenn Sie eine allgemeine Anfrage stellen m\u00f6chten, verwenden Sie bitte das nachstehende Formular.","robots":{"index":"index","follow":"follow","max-snippet":"max-snippet:-1","max-image-preview":"max-image-preview:large","max-video-preview":"max-video-preview:-1"},"canonical":"https:\/\/www.skyline-costa-luz.com\/de\/kontakt\/","og_locale":"de_DE","og_type":"article","og_title":"Nehmen Sie Kontakt mit uns auf - Skyline Costa de la Luz","og_description":"Es gibt viele M\u00f6glichkeiten, wie Sie mit uns in Kontakt treten k\u00f6nnen: \u00fcber unsere Website, per Telefon, E-Mail oder Post. Wenn Sie sich anmelden m\u00f6chten, um Ihre Immobilie zu kaufen oder zu verkaufen, oder wenn Sie eine allgemeine Anfrage stellen m\u00f6chten, verwenden Sie bitte das nachstehende Formular.","og_url":"https:\/\/www.skyline-costa-luz.com\/de\/kontakt\/","og_site_name":"skyline-costa-luz.com","article_modified_time":"2024-05-02T05:44:07+00:00","twitter_card":"summary_large_image","twitter_misc":{"Gesch\u00e4tzte Lesezeit":"1\u00a0Minute"},"schema":{"@context":"https:\/\/schema.org","@graph":[{"@type":"WebPage","@id":"https:\/\/www.skyline-costa-luz.com\/de\/kontakt\/","url":"https:\/\/www.skyline-costa-luz.com\/de\/kontakt\/","name":"Nehmen Sie Kontakt mit uns auf - Skyline Costa de la Luz","isPartOf":{"@id":"https:\/\/www.skyline-costa-luz.com\/de\/#website"},"datePublished":"2015-02-19T09:48:19+00:00","dateModified":"2024-05-02T05:44:07+00:00","description":"Es gibt viele M\u00f6glichkeiten, wie Sie mit uns in Kontakt treten k\u00f6nnen: \u00fcber unsere Website, per Telefon, E-Mail oder Post. Wenn Sie sich anmelden m\u00f6chten, um Ihre Immobilie zu kaufen oder zu verkaufen, oder wenn Sie eine allgemeine Anfrage stellen m\u00f6chten, verwenden Sie bitte das nachstehende Formular.","breadcrumb":{"@id":"https:\/\/www.skyline-costa-luz.com\/de\/kontakt\/#breadcrumb"},"inLanguage":"de","potentialAction":[{"@type":"ReadAction","target":["https:\/\/www.skyline-costa-luz.com\/de\/kontakt\/"]}]},{"@type":"BreadcrumbList","@id":"https:\/\/www.skyline-costa-luz.com\/de\/kontakt\/#breadcrumb","itemListElement":[{"@type":"ListItem","position":1,"name":"Home","item":"https:\/\/www.skyline-costa-luz.com\/de\/"},{"@type":"ListItem","position":2,"name":"Kontakt"}]},{"@type":"WebSite","@id":"https:\/\/www.skyline-costa-luz.com\/de\/#website","url":"https:\/\/www.skyline-costa-luz.com\/de\/","name":"skyline-costa-luz.com","description":"Properties for sale in Costa de la Luz Cadiz","publisher":{"@id":"https:\/\/www.skyline-costa-luz.com\/de\/#organization"},"potentialAction":[{"@type":"SearchAction","target":{"@type":"EntryPoint","urlTemplate":"https:\/\/www.skyline-costa-luz.com\/de\/?s={search_term_string}"},"query-input":{"@type":"PropertyValueSpecification","valueRequired":true,"valueName":"search_term_string"}}],"inLanguage":"de"},{"@type":"Organization","@id":"https:\/\/www.skyline-costa-luz.com\/de\/#organization","name":"skyline-costa-luz.com","url":"https:\/\/www.skyline-costa-luz.com\/de\/","logo":{"@type":"ImageObject","inLanguage":"de","@id":"https:\/\/www.skyline-costa-luz.com\/de\/#\/schema\/logo\/image\/","url":"https:\/\/www.skyline-costa-luz.com\/ethylalo\/2023\/08\/Skyline-New-logo-1.png","contentUrl":"https:\/\/www.skyline-costa-luz.com\/ethylalo\/2023\/08\/Skyline-New-logo-1.png","width":500,"height":259,"caption":"skyline-costa-luz.com"},"image":{"@id":"https:\/\/www.skyline-costa-luz.com\/de\/#\/schema\/logo\/image\/"}}]}},"_links":{"self":[{"href":"https:\/\/www.skyline-costa-luz.com\/de\/wp-json\/wp\/v2\/pages\/22462","targetHints":{"allow":["GET"]}}],"collection":[{"href":"https:\/\/www.skyline-costa-luz.com\/de\/wp-json\/wp\/v2\/pages"}],"about":[{"href":"https:\/\/www.skyline-costa-luz.com\/de\/wp-json\/wp\/v2\/types\/page"}],"author":[{"embeddable":true,"href":"https:\/\/www.skyline-costa-luz.com\/de\/wp-json\/wp\/v2\/users\/1"}],"replies":[{"embeddable":true,"href":"https:\/\/www.skyline-costa-luz.com\/de\/wp-json\/wp\/v2\/comments?post=22462"}],"version-history":[{"count":10,"href":"https:\/\/www.skyline-costa-luz.com\/de\/wp-json\/wp\/v2\/pages\/22462\/revisions"}],"predecessor-version":[{"id":31183,"href":"https:\/\/www.skyline-costa-luz.com\/de\/wp-json\/wp\/v2\/pages\/22462\/revisions\/31183"}],"wp:attachment":[{"href":"https:\/\/www.skyline-costa-luz.com\/de\/wp-json\/wp\/v2\/media?parent=22462"}],"curies":[{"name":"wp","href":"https:\/\/api.w.org\/{rel}","templated":true}]}}